{"id":304,"date":"2022-07-08T16:41:34","date_gmt":"2022-07-08T13:41:34","guid":{"rendered":"https:\/\/shop.northitgroup.eu\/?post_type=product&#038;p=304"},"modified":"2022-12-21T16:38:18","modified_gmt":"2022-12-21T13:38:18","slug":"gutschein","status":"publish","type":"product","link":"https:\/\/shop.northitgroup.eu\/en\/produkt\/gutschein\/","title":{"rendered":"\u0421ertificate"},"content":{"rendered":"<ul>\n<li>The amount of money deposited corresponds to the nominal value of the certificate and is a prepayment for the purchased goods.<\/li>\n<li>If the total cost of the selected product is less than the nominal value of the certificate, the difference is not paid to the owner.<\/li>\n<li>If the total cost of the selected product exceeds the nominal value of the certificate, the difference is paid by the owner.<\/li>\n<li>Voucher codes and discount codes cannot be used at the same time.<\/li>\n<\/ul>\n<p style=\"text-align: center;\"><a href=\"https:\/\/shop.northitgroup.eu\/en\/agb\/\">Terms and conditions for vouchers<\/a><\/p>","protected":false},"excerpt":{"rendered":"<p>Der hinterlegte Geldbetrag entspricht dem Nennwert des Zertifikats und ist eine Vorauszahlung f\u00fcr die gekaufte Ware. Wenn die Gesamtkosten des ausgew\u00e4hlten Produkts unter dem Nennwert des Zertifikats liegen, wird die Differenz nicht an den Eigent\u00fcmer ausgezahlt. \u00dcbersteigt der Gesamtpreis des ausgew\u00e4hlten Produkts den Nennwert des Gutscheins, wird der Differenzbetrag vom Inhaber bezahlt. Gutscheincodes und Rabattcodes [&hellip;]<\/p>","protected":false},"featured_media":308,"template":"","meta":[],"product_cat":[105],"product_tag":[],"acf":[],"yoast_head":"<!-- This site is optimized with the Yoast SEO plugin v23.5 - https:\/\/yoast.com\/wordpress\/plugins\/seo\/ -->\n<title>Gutschein &#060; North IT Group Shop<\/title>\n<meta name=\"robots\" content=\"noindex, follow, max-snippet:-1, max-image-preview:large, max-video-preview:-1\" \/>\n<meta property=\"og:locale\" content=\"en_GB\" \/>\n<meta property=\"og:type\" content=\"article\" \/>\n<meta property=\"og:title\" content=\"Gutschein &#060; North IT Group Shop\" \/>\n<meta property=\"og:description\" content=\"Der hinterlegte Geldbetrag entspricht dem Nennwert des Zertifikats und ist eine Vorauszahlung f\u00fcr die gekaufte Ware. Wenn die Gesamtkosten des ausgew\u00e4hlten Produkts unter dem Nennwert des Zertifikats liegen, wird die Differenz nicht an den Eigent\u00fcmer ausgezahlt. \u00dcbersteigt der Gesamtpreis des ausgew\u00e4hlten Produkts den Nennwert des Gutscheins, wird der Differenzbetrag vom Inhaber bezahlt. Gutscheincodes und Rabattcodes [&hellip;]\" \/>\n<meta property=\"og:url\" content=\"https:\/\/shop.northitgroup.eu\/en\/product\/gutschein\/\" \/>\n<meta property=\"og:site_name\" content=\"North IT Group Shop\" \/>\n<meta property=\"article:modified_time\" content=\"2022-12-21T13:38:18+00:00\" \/>\n<meta property=\"og:image\" content=\"https:\/\/shop.northitgroup.eu\/wp-content\/uploads\/2022\/07\/bg-3-min.jpg\" \/>\n\t<meta property=\"og:image:width\" content=\"858\" \/>\n\t<meta property=\"og:image:height\" content=\"759\" \/>\n\t<meta property=\"og:image:type\" content=\"image\/jpeg\" \/>\n<meta name=\"twitter:card\" content=\"summary_large_image\" \/>\n<meta name=\"twitter:label1\" content=\"Estimated reading time\" \/>\n\t<meta name=\"twitter:data1\" content=\"1 minute\" \/>\n<script type=\"application\/ld+json\" class=\"yoast-schema-graph\">{\"@context\":\"https:\/\/schema.org\",\"@graph\":[{\"@type\":\"WebPage\",\"@id\":\"https:\/\/shop.northitgroup.eu\/product\/gutschein\/\",\"url\":\"https:\/\/shop.northitgroup.eu\/product\/gutschein\/\",\"name\":\"Gutschein &#060; North IT Group Shop\",\"isPartOf\":{\"@id\":\"https:\/\/shop.northitgroup.eu\/#website\"},\"primaryImageOfPage\":{\"@id\":\"https:\/\/shop.northitgroup.eu\/product\/gutschein\/#primaryimage\"},\"image\":{\"@id\":\"https:\/\/shop.northitgroup.eu\/product\/gutschein\/#primaryimage\"},\"thumbnailUrl\":\"https:\/\/shop.northitgroup.eu\/wp-content\/uploads\/2022\/07\/bg-3-min.jpg\",\"datePublished\":\"2022-07-08T13:41:34+00:00\",\"dateModified\":\"2022-12-21T13:38:18+00:00\",\"breadcrumb\":{\"@id\":\"https:\/\/shop.northitgroup.eu\/product\/gutschein\/#breadcrumb\"},\"inLanguage\":\"en-GB\",\"potentialAction\":[{\"@type\":\"ReadAction\",\"target\":[\"https:\/\/shop.northitgroup.eu\/product\/gutschein\/\"]}]},{\"@type\":\"ImageObject\",\"inLanguage\":\"en-GB\",\"@id\":\"https:\/\/shop.northitgroup.eu\/product\/gutschein\/#primaryimage\",\"url\":\"https:\/\/shop.northitgroup.eu\/wp-content\/uploads\/2022\/07\/bg-3-min.jpg\",\"contentUrl\":\"https:\/\/shop.northitgroup.eu\/wp-content\/uploads\/2022\/07\/bg-3-min.jpg\",\"width\":858,\"height\":759},{\"@type\":\"BreadcrumbList\",\"@id\":\"https:\/\/shop.northitgroup.eu\/product\/gutschein\/#breadcrumb\",\"itemListElement\":[{\"@type\":\"ListItem\",\"position\":1,\"name\":\"Startseite\",\"item\":\"https:\/\/shop.northitgroup.eu\/\"},{\"@type\":\"ListItem\",\"position\":2,\"name\":\"Shop\",\"item\":\"https:\/\/shop.northitgroup.eu\/shop\/\"},{\"@type\":\"ListItem\",\"position\":3,\"name\":\"Gutschein\"}]},{\"@type\":\"WebSite\",\"@id\":\"https:\/\/shop.northitgroup.eu\/#website\",\"url\":\"https:\/\/shop.northitgroup.eu\/\",\"name\":\"North IT Group Shop\",\"description\":\"\",\"publisher\":{\"@id\":\"https:\/\/shop.northitgroup.eu\/#organization\"},\"potentialAction\":[{\"@type\":\"SearchAction\",\"target\":{\"@type\":\"EntryPoint\",\"urlTemplate\":\"https:\/\/shop.northitgroup.eu\/?s={search_term_string}\"},\"query-input\":{\"@type\":\"PropertyValueSpecification\",\"valueRequired\":true,\"valueName\":\"search_term_string\"}}],\"inLanguage\":\"en-GB\"},{\"@type\":\"Organization\",\"@id\":\"https:\/\/shop.northitgroup.eu\/#organization\",\"name\":\"North IT Group Shop\",\"url\":\"https:\/\/shop.northitgroup.eu\/\",\"logo\":{\"@type\":\"ImageObject\",\"inLanguage\":\"en-GB\",\"@id\":\"https:\/\/shop.northitgroup.eu\/#\/schema\/logo\/image\/\",\"url\":\"https:\/\/shop.northitgroup.eu\/wp-content\/uploads\/2022\/03\/logo.svg\",\"contentUrl\":\"https:\/\/shop.northitgroup.eu\/wp-content\/uploads\/2022\/03\/logo.svg\",\"caption\":\"North IT Group Shop\"},\"image\":{\"@id\":\"https:\/\/shop.northitgroup.eu\/#\/schema\/logo\/image\/\"}}]}<\/script>\n<!-- \/ Yoast SEO plugin. -->","yoast_head_json":{"title":"Gutschein &#060; North IT Group Shop","robots":{"index":"noindex","follow":"follow","max-snippet":"max-snippet:-1","max-image-preview":"max-image-preview:large","max-video-preview":"max-video-preview:-1"},"og_locale":"en_GB","og_type":"article","og_title":"Gutschein &#060; North IT Group Shop","og_description":"Der hinterlegte Geldbetrag entspricht dem Nennwert des Zertifikats und ist eine Vorauszahlung f\u00fcr die gekaufte Ware. Wenn die Gesamtkosten des ausgew\u00e4hlten Produkts unter dem Nennwert des Zertifikats liegen, wird die Differenz nicht an den Eigent\u00fcmer ausgezahlt. \u00dcbersteigt der Gesamtpreis des ausgew\u00e4hlten Produkts den Nennwert des Gutscheins, wird der Differenzbetrag vom Inhaber bezahlt. Gutscheincodes und Rabattcodes [&hellip;]","og_url":"https:\/\/shop.northitgroup.eu\/en\/product\/gutschein\/","og_site_name":"North IT Group Shop","article_modified_time":"2022-12-21T13:38:18+00:00","og_image":[{"width":858,"height":759,"url":"https:\/\/shop.northitgroup.eu\/wp-content\/uploads\/2022\/07\/bg-3-min.jpg","type":"image\/jpeg"}],"twitter_card":"summary_large_image","twitter_misc":{"Estimated reading time":"1 minute"},"schema":{"@context":"https:\/\/schema.org","@graph":[{"@type":"WebPage","@id":"https:\/\/shop.northitgroup.eu\/product\/gutschein\/","url":"https:\/\/shop.northitgroup.eu\/product\/gutschein\/","name":"Gutschein &#060; North IT Group Shop","isPartOf":{"@id":"https:\/\/shop.northitgroup.eu\/#website"},"primaryImageOfPage":{"@id":"https:\/\/shop.northitgroup.eu\/product\/gutschein\/#primaryimage"},"image":{"@id":"https:\/\/shop.northitgroup.eu\/product\/gutschein\/#primaryimage"},"thumbnailUrl":"https:\/\/shop.northitgroup.eu\/wp-content\/uploads\/2022\/07\/bg-3-min.jpg","datePublished":"2022-07-08T13:41:34+00:00","dateModified":"2022-12-21T13:38:18+00:00","breadcrumb":{"@id":"https:\/\/shop.northitgroup.eu\/product\/gutschein\/#breadcrumb"},"inLanguage":"en-GB","potentialAction":[{"@type":"ReadAction","target":["https:\/\/shop.northitgroup.eu\/product\/gutschein\/"]}]},{"@type":"ImageObject","inLanguage":"en-GB","@id":"https:\/\/shop.northitgroup.eu\/product\/gutschein\/#primaryimage","url":"https:\/\/shop.northitgroup.eu\/wp-content\/uploads\/2022\/07\/bg-3-min.jpg","contentUrl":"https:\/\/shop.northitgroup.eu\/wp-content\/uploads\/2022\/07\/bg-3-min.jpg","width":858,"height":759},{"@type":"BreadcrumbList","@id":"https:\/\/shop.northitgroup.eu\/product\/gutschein\/#breadcrumb","itemListElement":[{"@type":"ListItem","position":1,"name":"Startseite","item":"https:\/\/shop.northitgroup.eu\/"},{"@type":"ListItem","position":2,"name":"Shop","item":"https:\/\/shop.northitgroup.eu\/shop\/"},{"@type":"ListItem","position":3,"name":"Gutschein"}]},{"@type":"WebSite","@id":"https:\/\/shop.northitgroup.eu\/#website","url":"https:\/\/shop.northitgroup.eu\/","name":"North IT Group Shop","description":"","publisher":{"@id":"https:\/\/shop.northitgroup.eu\/#organization"},"potentialAction":[{"@type":"SearchAction","target":{"@type":"EntryPoint","urlTemplate":"https:\/\/shop.northitgroup.eu\/?s={search_term_string}"},"query-input":{"@type":"PropertyValueSpecification","valueRequired":true,"valueName":"search_term_string"}}],"inLanguage":"en-GB"},{"@type":"Organization","@id":"https:\/\/shop.northitgroup.eu\/#organization","name":"North IT Group Shop","url":"https:\/\/shop.northitgroup.eu\/","logo":{"@type":"ImageObject","inLanguage":"en-GB","@id":"https:\/\/shop.northitgroup.eu\/#\/schema\/logo\/image\/","url":"https:\/\/shop.northitgroup.eu\/wp-content\/uploads\/2022\/03\/logo.svg","contentUrl":"https:\/\/shop.northitgroup.eu\/wp-content\/uploads\/2022\/03\/logo.svg","caption":"North IT Group Shop"},"image":{"@id":"https:\/\/shop.northitgroup.eu\/#\/schema\/logo\/image\/"}}]}},"_links":{"self":[{"href":"https:\/\/shop.northitgroup.eu\/en\/wp-json\/wp\/v2\/product\/304"}],"collection":[{"href":"https:\/\/shop.northitgroup.eu\/en\/wp-json\/wp\/v2\/product"}],"about":[{"href":"https:\/\/shop.northitgroup.eu\/en\/wp-json\/wp\/v2\/types\/product"}],"wp:featuredmedia":[{"embeddable":true,"href":"https:\/\/shop.northitgroup.eu\/en\/wp-json\/wp\/v2\/media\/308"}],"wp:attachment":[{"href":"https:\/\/shop.northitgroup.eu\/en\/wp-json\/wp\/v2\/media?parent=304"}],"wp:term":[{"taxonomy":"product_cat","embeddable":true,"href":"https:\/\/shop.northitgroup.eu\/en\/wp-json\/wp\/v2\/product_cat?post=304"},{"taxonomy":"product_tag","embeddable":true,"href":"https:\/\/shop.northitgroup.eu\/en\/wp-json\/wp\/v2\/product_tag?post=304"}],"curies":[{"name":"wp","href":"https:\/\/api.w.org\/{rel}","templated":true}]}}