{"id":78,"date":"2022-02-21T11:14:01","date_gmt":"2022-02-21T08:14:01","guid":{"rendered":"https:\/\/shop.northitgroup.eu\/?page_id=78"},"modified":"2022-12-21T15:01:53","modified_gmt":"2022-12-21T12:01:53","slug":"versand-und-retouren","status":"publish","type":"page","link":"https:\/\/shop.northitgroup.eu\/en\/versand-und-retouren\/","title":{"rendered":"Delivery and returns"},"content":{"rendered":"<p>&nbsp;<\/p>\r\n\r\n\r\n\r\n<div class=\"wp-block-group\"><div class=\"wp-block-group__inner-container\">\r\n<div class=\"wp-block-buttons\">\r\n<div class=\"wp-block-button\"><a class=\"wp-block-button__link\">RETURN DE<\/a><\/div>\r\n\r\n\r\n\r\n<div class=\"wp-block-button\"><a class=\"wp-block-button__link\">RETURN AT<\/a><\/div>\r\n<\/div>\r\n<\/div><\/div>\r\n\r\n\r\n\r\n<div class=\"wp-block-buttons\"><\/div>\r\n\r\n\r\n\r\n<div class=\"wp-block-group\"><div class=\"wp-block-group__inner-container\">\u00a0<\/div><\/div>\r\n\r\n\r\n\r\n<h2 class=\"has-text-color wp-block-heading\" style=\"color: #090809; font-size: 18px; text-transform: uppercase;\"><strong>Return<\/strong><\/h2>\r\n\r\n\r\n\r\n<p>Please go to DHL via the link above and create your return slip.<\/p>\r\n\r\n\r\n\r\n<h2 class=\"has-text-color wp-block-heading\" style=\"color: #090809; font-size: 18px; text-transform: uppercase;\"><strong>Delivery time<\/strong><\/h2>\r\n\r\n\r\n\r\n<p>We offer shipping of our goods by DHL. The standard shipping takes about 2-4 business days. As soon as your purchase leaves our warehouse, you will receive an email confirmation about the shipment by the respective shipping service provider.<\/p>\r\n\r\n\r\n\r\n<h2 class=\"has-text-color wp-block-heading\" style=\"color: #090809; font-size: 18px; text-transform: uppercase;\"><strong>Shipping costs<\/strong><\/h2>\r\n\r\n\r\n\r\n<p>Delivery within Germany and Austria:<br \/>Shipping costs are \u20ac 4.90 (including VAT) and apply to any delivery under 100 \u20ac. From a purchase value of 100 \u20ac we ship free of charge within Germany and Austria. Please note that delivery cannot be made on Sundays and public holidays.<\/p>\r\n\r\n\r\n\r\n<h2 class=\"has-text-color wp-block-heading\" style=\"color: #090809; font-size: 18px; text-transform: uppercase;\"><strong>Returns<\/strong><\/h2>\r\n\r\n\r\n\r\n<p>You have changed your mind and want to return your items?<\/p>\r\n\r\n\r\n\r\n<h2 class=\"has-text-color wp-block-heading\" style=\"color: #090809; font-size: 18px; text-transform: uppercase;\"><strong>Follow the steps below:<\/strong><\/h2>\r\n\r\n\r\n\r\n<ol>\r\n<li>\u0421lick on \"Return DE\" (Germany) or \"Return AT\" (Austria) on this \"Shipping and Returns\" page.<\/li>\r\n<li>You will be redirected to the DHL screen.<\/li>\r\n<li>Select the items you want to return and specify the reason.<\/li>\r\n<li>Follow DHL's instructions when sending the package.<\/li>\r\n<li>Once your package is received and checked by us, we will refund the amount to the bank account used for purchase within 8 to 10 business days. Once the refund is done, the money will appear in your bank account after about 3 days. The time period may vary depending on the bank.<\/li>\r\n<\/ol>\r\n\r\n\r\n\r\n<p>We inform you that we will bear the return shipping costs for you.<\/p>","protected":false},"excerpt":{"rendered":"<p>&nbsp; \u00a0 R\u00fcckkehr Bitte gehen Sie \u00fcber den obigen Link zu DHL und erstellen Sie Ihren R\u00fccksendeschein. Lieferfrist Wir bieten den Versand unserer Waren mit DHL an. Der Standardversand dauert ca. 2-4 Werktage. Sobald Ihre Bestellung unser Lager verl\u00e4sst, erhalten Sie eine E-Mail-Best\u00e4tigung \u00fcber den Versand durch den jeweiligen Versanddienstleister. Versandkosten Lieferung innerhalb Deutschlands und [&hellip;]<\/p>","protected":false},"author":1,"featured_media":0,"parent":0,"menu_order":0,"comment_status":"closed","ping_status":"closed","template":"","meta":{"footnotes":""},"acf":[],"yoast_head":"<!-- This site is optimized with the Yoast SEO plugin v23.5 - https:\/\/yoast.com\/wordpress\/plugins\/seo\/ -->\n<title>Versand und Retouren &#060; North IT Group Shop<\/title>\n<meta name=\"robots\" content=\"noindex, follow, max-snippet:-1, max-image-preview:large, max-video-preview:-1\" \/>\n<meta property=\"og:locale\" content=\"en_GB\" \/>\n<meta property=\"og:type\" content=\"article\" \/>\n<meta property=\"og:title\" content=\"Versand und Retouren &#060; North IT Group Shop\" \/>\n<meta property=\"og:description\" content=\"&nbsp; \u00a0 R\u00fcckkehr Bitte gehen Sie \u00fcber den obigen Link zu DHL und erstellen Sie Ihren R\u00fccksendeschein. Lieferfrist Wir bieten den Versand unserer Waren mit DHL an. Der Standardversand dauert ca. 2-4 Werktage. Sobald Ihre Bestellung unser Lager verl\u00e4sst, erhalten Sie eine E-Mail-Best\u00e4tigung \u00fcber den Versand durch den jeweiligen Versanddienstleister. Versandkosten Lieferung innerhalb Deutschlands und [&hellip;]\" \/>\n<meta property=\"og:url\" content=\"https:\/\/shop.northitgroup.eu\/en\/versand-und-retouren\/\" \/>\n<meta property=\"og:site_name\" content=\"North IT Group Shop\" \/>\n<meta property=\"article:modified_time\" content=\"2022-12-21T12:01:53+00:00\" \/>\n<meta name=\"twitter:card\" content=\"summary_large_image\" \/>\n<meta name=\"twitter:label1\" content=\"Estimated reading time\" \/>\n\t<meta name=\"twitter:data1\" content=\"2 minutes\" \/>\n<script type=\"application\/ld+json\" class=\"yoast-schema-graph\">{\"@context\":\"https:\/\/schema.org\",\"@graph\":[{\"@type\":\"WebPage\",\"@id\":\"https:\/\/shop.northitgroup.eu\/versand-und-retouren\/\",\"url\":\"https:\/\/shop.northitgroup.eu\/versand-und-retouren\/\",\"name\":\"Versand und Retouren &#060; North IT Group Shop\",\"isPartOf\":{\"@id\":\"https:\/\/shop.northitgroup.eu\/#website\"},\"datePublished\":\"2022-02-21T08:14:01+00:00\",\"dateModified\":\"2022-12-21T12:01:53+00:00\",\"breadcrumb\":{\"@id\":\"https:\/\/shop.northitgroup.eu\/versand-und-retouren\/#breadcrumb\"},\"inLanguage\":\"en-GB\",\"potentialAction\":[{\"@type\":\"ReadAction\",\"target\":[\"https:\/\/shop.northitgroup.eu\/versand-und-retouren\/\"]}]},{\"@type\":\"BreadcrumbList\",\"@id\":\"https:\/\/shop.northitgroup.eu\/versand-und-retouren\/#breadcrumb\",\"itemListElement\":[{\"@type\":\"ListItem\",\"position\":1,\"name\":\"Startseite\",\"item\":\"https:\/\/shop.northitgroup.eu\/\"},{\"@type\":\"ListItem\",\"position\":2,\"name\":\"Versand und Retouren\"}]},{\"@type\":\"WebSite\",\"@id\":\"https:\/\/shop.northitgroup.eu\/#website\",\"url\":\"https:\/\/shop.northitgroup.eu\/\",\"name\":\"North IT Group Shop\",\"description\":\"\",\"publisher\":{\"@id\":\"https:\/\/shop.northitgroup.eu\/#organization\"},\"potentialAction\":[{\"@type\":\"SearchAction\",\"target\":{\"@type\":\"EntryPoint\",\"urlTemplate\":\"https:\/\/shop.northitgroup.eu\/?s={search_term_string}\"},\"query-input\":{\"@type\":\"PropertyValueSpecification\",\"valueRequired\":true,\"valueName\":\"search_term_string\"}}],\"inLanguage\":\"en-GB\"},{\"@type\":\"Organization\",\"@id\":\"https:\/\/shop.northitgroup.eu\/#organization\",\"name\":\"North IT Group Shop\",\"url\":\"https:\/\/shop.northitgroup.eu\/\",\"logo\":{\"@type\":\"ImageObject\",\"inLanguage\":\"en-GB\",\"@id\":\"https:\/\/shop.northitgroup.eu\/#\/schema\/logo\/image\/\",\"url\":\"https:\/\/shop.northitgroup.eu\/wp-content\/uploads\/2022\/03\/logo.svg\",\"contentUrl\":\"https:\/\/shop.northitgroup.eu\/wp-content\/uploads\/2022\/03\/logo.svg\",\"caption\":\"North IT Group Shop\"},\"image\":{\"@id\":\"https:\/\/shop.northitgroup.eu\/#\/schema\/logo\/image\/\"}}]}<\/script>\n<!-- \/ Yoast SEO plugin. -->","yoast_head_json":{"title":"Versand und Retouren &#060; North IT Group Shop","robots":{"index":"noindex","follow":"follow","max-snippet":"max-snippet:-1","max-image-preview":"max-image-preview:large","max-video-preview":"max-video-preview:-1"},"og_locale":"en_GB","og_type":"article","og_title":"Versand und Retouren &#060; North IT Group Shop","og_description":"&nbsp; \u00a0 R\u00fcckkehr Bitte gehen Sie \u00fcber den obigen Link zu DHL und erstellen Sie Ihren R\u00fccksendeschein. Lieferfrist Wir bieten den Versand unserer Waren mit DHL an. Der Standardversand dauert ca. 2-4 Werktage. Sobald Ihre Bestellung unser Lager verl\u00e4sst, erhalten Sie eine E-Mail-Best\u00e4tigung \u00fcber den Versand durch den jeweiligen Versanddienstleister. Versandkosten Lieferung innerhalb Deutschlands und [&hellip;]","og_url":"https:\/\/shop.northitgroup.eu\/en\/versand-und-retouren\/","og_site_name":"North IT Group Shop","article_modified_time":"2022-12-21T12:01:53+00:00","twitter_card":"summary_large_image","twitter_misc":{"Estimated reading time":"2 minutes"},"schema":{"@context":"https:\/\/schema.org","@graph":[{"@type":"WebPage","@id":"https:\/\/shop.northitgroup.eu\/versand-und-retouren\/","url":"https:\/\/shop.northitgroup.eu\/versand-und-retouren\/","name":"Versand und Retouren &#060; North IT Group Shop","isPartOf":{"@id":"https:\/\/shop.northitgroup.eu\/#website"},"datePublished":"2022-02-21T08:14:01+00:00","dateModified":"2022-12-21T12:01:53+00:00","breadcrumb":{"@id":"https:\/\/shop.northitgroup.eu\/versand-und-retouren\/#breadcrumb"},"inLanguage":"en-GB","potentialAction":[{"@type":"ReadAction","target":["https:\/\/shop.northitgroup.eu\/versand-und-retouren\/"]}]},{"@type":"BreadcrumbList","@id":"https:\/\/shop.northitgroup.eu\/versand-und-retouren\/#breadcrumb","itemListElement":[{"@type":"ListItem","position":1,"name":"Startseite","item":"https:\/\/shop.northitgroup.eu\/"},{"@type":"ListItem","position":2,"name":"Versand und Retouren"}]},{"@type":"WebSite","@id":"https:\/\/shop.northitgroup.eu\/#website","url":"https:\/\/shop.northitgroup.eu\/","name":"North IT Group Shop","description":"","publisher":{"@id":"https:\/\/shop.northitgroup.eu\/#organization"},"potentialAction":[{"@type":"SearchAction","target":{"@type":"EntryPoint","urlTemplate":"https:\/\/shop.northitgroup.eu\/?s={search_term_string}"},"query-input":{"@type":"PropertyValueSpecification","valueRequired":true,"valueName":"search_term_string"}}],"inLanguage":"en-GB"},{"@type":"Organization","@id":"https:\/\/shop.northitgroup.eu\/#organization","name":"North IT Group Shop","url":"https:\/\/shop.northitgroup.eu\/","logo":{"@type":"ImageObject","inLanguage":"en-GB","@id":"https:\/\/shop.northitgroup.eu\/#\/schema\/logo\/image\/","url":"https:\/\/shop.northitgroup.eu\/wp-content\/uploads\/2022\/03\/logo.svg","contentUrl":"https:\/\/shop.northitgroup.eu\/wp-content\/uploads\/2022\/03\/logo.svg","caption":"North IT Group Shop"},"image":{"@id":"https:\/\/shop.northitgroup.eu\/#\/schema\/logo\/image\/"}}]}},"_links":{"self":[{"href":"https:\/\/shop.northitgroup.eu\/en\/wp-json\/wp\/v2\/pages\/78"}],"collection":[{"href":"https:\/\/shop.northitgroup.eu\/en\/wp-json\/wp\/v2\/pages"}],"about":[{"href":"https:\/\/shop.northitgroup.eu\/en\/wp-json\/wp\/v2\/types\/page"}],"author":[{"embeddable":true,"href":"https:\/\/shop.northitgroup.eu\/en\/wp-json\/wp\/v2\/users\/1"}],"replies":[{"embeddable":true,"href":"https:\/\/shop.northitgroup.eu\/en\/wp-json\/wp\/v2\/comments?post=78"}],"version-history":[{"count":3,"href":"https:\/\/shop.northitgroup.eu\/en\/wp-json\/wp\/v2\/pages\/78\/revisions"}],"predecessor-version":[{"id":747,"href":"https:\/\/shop.northitgroup.eu\/en\/wp-json\/wp\/v2\/pages\/78\/revisions\/747"}],"wp:attachment":[{"href":"https:\/\/shop.northitgroup.eu\/en\/wp-json\/wp\/v2\/media?parent=78"}],"curies":[{"name":"wp","href":"https:\/\/api.w.org\/{rel}","templated":true}]}}