{"id":70,"date":"2022-02-18T11:58:03","date_gmt":"2022-02-18T08:58:03","guid":{"rendered":"https:\/\/shop.northitgroup.eu\/?page_id=70"},"modified":"2022-12-22T12:41:43","modified_gmt":"2022-12-22T09:41:43","slug":"registration","status":"publish","type":"page","link":"https:\/\/shop.northitgroup.eu\/en\/registration\/","title":{"rendered":"Registration"},"content":{"rendered":"<div class=\"woocommerce-notices-wrapper\"><\/div>          <form method=\"post\" class=\"woocommerce-form woocommerce-form-register register\" action=\"\"  >\r\n             <div class=\"buttons_form\">\n\t\t\t\t\t<a href=\"\/en\/log-in\/\" class=\"login button\">Login<\/a>\n\t\t\t\t\t<a href=\"\/en\/registration\/\" class=\"register button active\">Register<\/a>\n\t\t\t\t<\/div>                             <p class=\"woocommerce-form-row woocommerce-form-row--wide form-row form-row-wide\">\r\n                   <input type=\"text\" class=\"woocommerce-Input woocommerce-Input--text input-text\" placeholder=\"User name*\" name=\"username\" id=\"reg_username\" autocomplete=\"username\" value=\"\" \/>                <\/p>\r\n                          <p class=\"woocommerce-form-row woocommerce-form-row--wide form-row form-row-wide\">\r\n                <input type=\"email\" class=\"woocommerce-Input woocommerce-Input--text input-text\" placeholder=\"Email*\" name=\"email\" id=\"reg_email\" autocomplete=\"email\" value=\"\" \/>             <\/p>\r\n                             <p class=\"woocommerce-form-row woocommerce-form-row--wide form-row form-row-wide\">\r\n                   <input type=\"password\" class=\"woocommerce-Input woocommerce-Input--text input-text\" placeholder=\"Password*\" name=\"password\" id=\"reg_password\" autocomplete=\"new-password\" \/>\r\n                <\/p>\r\n                          <wc-order-attribution-inputs><\/wc-order-attribution-inputs>        <p class=\"woocommerce-form-row woocommerce-form-row--wide form-row form-row-wide\">\n            <input type=\"password\" class=\"woocommerce-Input woocommerce-Input--text input-text\"  placeholder=\"Repeat password*\" name=\"password2\" id=\"reg_password2\" required=\"required\" value=\"\" autocomplete=\"new-password\"\/>\n        <\/p>\n        <p class=\"form-row newsletter_checkbox\" id=\"newsletter_field\" data-priority=\"\"><span class=\"woocommerce-input-wrapper\"><label class=\"checkbox\" ><input type=\"checkbox\" name=\"newsletter\" id=\"newsletter\" value=\"1\" class=\"input-checkbox\"  \/> <span>Newsletter abonnieren?<br>Wir nehmen Ihre Privatsph\u00e4re sehr ernst. Die von Ihnen bereitgestellten Informationen werden gem\u00e4\u00df der <a href=\"\/en\/datenschutzerklarung\/\">Datenschutz-Grundverordnung (DSGV) (EU) 2016\/679<\/a> verwaltet. Durch das Abonnement unseres Newsletters erkl\u00e4ren Sie sich einverstanden, Transaktions-und Werbe-E-Mails von uns zu erhalten. Sie k\u00f6nnen Ihre Werbe-E-Mail-Einstellungen jederzeit \u00fcber den \"Abbestellen\" Link in Ihrer E-Mail abbestellen oder \u00e4ndern.<\/span>&nbsp;<span class=\"optional\">(optional)<\/span><\/label><\/span><\/p><div class=\"wc-gzd-checkbox-placeholder wc-gzd-checkbox-placeholder-reg_data_privacy\" data-checkbox=\"privacy\"><\/div>             <p class=\"woocommerce-FormRow form-row\">\r\n                <input type=\"hidden\" id=\"woocommerce-register-nonce\" name=\"woocommerce-register-nonce\" value=\"5f42a97efe\" \/><input type=\"hidden\" name=\"_wp_http_referer\" value=\"\/en\/wp-json\/wp\/v2\/pages\/70\" \/>                <button type=\"submit\" class=\"woocommerce-Button woocommerce-button button woocommerce-form-register__submit\" name=\"register\" value=\"Register\" data-no-translation=\"\" data-trp-gettext=\"\" data-no-translation-value=\"\">Register<\/button>\r\n             <\/p>\r\n                       <input type=\"hidden\" name=\"trp-form-language\" value=\"en\"\/><\/form>","protected":false},"excerpt":{"rendered":"","protected":false},"author":1,"featured_media":0,"parent":0,"menu_order":0,"comment_status":"closed","ping_status":"closed","template":"","meta":{"footnotes":""},"acf":[],"yoast_head":"<!-- This site is optimized with the Yoast SEO plugin v23.5 - https:\/\/yoast.com\/wordpress\/plugins\/seo\/ -->\n<title>Registrierung &#060; North IT Group Shop<\/title>\n<meta name=\"robots\" content=\"noindex, follow, max-snippet:-1, max-image-preview:large, max-video-preview:-1\" \/>\n<meta property=\"og:locale\" content=\"en_GB\" \/>\n<meta property=\"og:type\" content=\"article\" \/>\n<meta property=\"og:title\" content=\"Registrierung &#060; North IT Group Shop\" \/>\n<meta property=\"og:url\" content=\"https:\/\/shop.northitgroup.eu\/en\/registration\/\" \/>\n<meta property=\"og:site_name\" content=\"North IT Group Shop\" \/>\n<meta property=\"article:modified_time\" content=\"2022-12-22T09:41:43+00:00\" \/>\n<meta name=\"twitter:card\" content=\"summary_large_image\" \/>\n<meta name=\"twitter:label1\" content=\"Estimated reading time\" \/>\n\t<meta name=\"twitter:data1\" content=\"1 minute\" \/>\n<script type=\"application\/ld+json\" class=\"yoast-schema-graph\">{\"@context\":\"https:\/\/schema.org\",\"@graph\":[{\"@type\":\"WebPage\",\"@id\":\"https:\/\/shop.northitgroup.eu\/registration\/\",\"url\":\"https:\/\/shop.northitgroup.eu\/registration\/\",\"name\":\"Registrierung &#060; North IT Group Shop\",\"isPartOf\":{\"@id\":\"https:\/\/shop.northitgroup.eu\/#website\"},\"datePublished\":\"2022-02-18T08:58:03+00:00\",\"dateModified\":\"2022-12-22T09:41:43+00:00\",\"breadcrumb\":{\"@id\":\"https:\/\/shop.northitgroup.eu\/registration\/#breadcrumb\"},\"inLanguage\":\"en-GB\",\"potentialAction\":[{\"@type\":\"ReadAction\",\"target\":[\"https:\/\/shop.northitgroup.eu\/registration\/\"]}]},{\"@type\":\"BreadcrumbList\",\"@id\":\"https:\/\/shop.northitgroup.eu\/registration\/#breadcrumb\",\"itemListElement\":[{\"@type\":\"ListItem\",\"position\":1,\"name\":\"Startseite\",\"item\":\"https:\/\/shop.northitgroup.eu\/\"},{\"@type\":\"ListItem\",\"position\":2,\"name\":\"Registrierung\"}]},{\"@type\":\"WebSite\",\"@id\":\"https:\/\/shop.northitgroup.eu\/#website\",\"url\":\"https:\/\/shop.northitgroup.eu\/\",\"name\":\"North IT Group Shop\",\"description\":\"\",\"publisher\":{\"@id\":\"https:\/\/shop.northitgroup.eu\/#organization\"},\"potentialAction\":[{\"@type\":\"SearchAction\",\"target\":{\"@type\":\"EntryPoint\",\"urlTemplate\":\"https:\/\/shop.northitgroup.eu\/?s={search_term_string}\"},\"query-input\":{\"@type\":\"PropertyValueSpecification\",\"valueRequired\":true,\"valueName\":\"search_term_string\"}}],\"inLanguage\":\"en-GB\"},{\"@type\":\"Organization\",\"@id\":\"https:\/\/shop.northitgroup.eu\/#organization\",\"name\":\"North IT Group Shop\",\"url\":\"https:\/\/shop.northitgroup.eu\/\",\"logo\":{\"@type\":\"ImageObject\",\"inLanguage\":\"en-GB\",\"@id\":\"https:\/\/shop.northitgroup.eu\/#\/schema\/logo\/image\/\",\"url\":\"https:\/\/shop.northitgroup.eu\/wp-content\/uploads\/2022\/03\/logo.svg\",\"contentUrl\":\"https:\/\/shop.northitgroup.eu\/wp-content\/uploads\/2022\/03\/logo.svg\",\"caption\":\"North IT Group Shop\"},\"image\":{\"@id\":\"https:\/\/shop.northitgroup.eu\/#\/schema\/logo\/image\/\"}}]}<\/script>\n<!-- \/ Yoast SEO plugin. -->","yoast_head_json":{"title":"Registrierung &#060; North IT Group Shop","robots":{"index":"noindex","follow":"follow","max-snippet":"max-snippet:-1","max-image-preview":"max-image-preview:large","max-video-preview":"max-video-preview:-1"},"og_locale":"en_GB","og_type":"article","og_title":"Registrierung &#060; North IT Group Shop","og_url":"https:\/\/shop.northitgroup.eu\/en\/registration\/","og_site_name":"North IT Group Shop","article_modified_time":"2022-12-22T09:41:43+00:00","twitter_card":"summary_large_image","twitter_misc":{"Estimated reading time":"1 minute"},"schema":{"@context":"https:\/\/schema.org","@graph":[{"@type":"WebPage","@id":"https:\/\/shop.northitgroup.eu\/registration\/","url":"https:\/\/shop.northitgroup.eu\/registration\/","name":"Registrierung &#060; North IT Group Shop","isPartOf":{"@id":"https:\/\/shop.northitgroup.eu\/#website"},"datePublished":"2022-02-18T08:58:03+00:00","dateModified":"2022-12-22T09:41:43+00:00","breadcrumb":{"@id":"https:\/\/shop.northitgroup.eu\/registration\/#breadcrumb"},"inLanguage":"en-GB","potentialAction":[{"@type":"ReadAction","target":["https:\/\/shop.northitgroup.eu\/registration\/"]}]},{"@type":"BreadcrumbList","@id":"https:\/\/shop.northitgroup.eu\/registration\/#breadcrumb","itemListElement":[{"@type":"ListItem","position":1,"name":"Startseite","item":"https:\/\/shop.northitgroup.eu\/"},{"@type":"ListItem","position":2,"name":"Registrierung"}]},{"@type":"WebSite","@id":"https:\/\/shop.northitgroup.eu\/#website","url":"https:\/\/shop.northitgroup.eu\/","name":"North IT Group Shop","description":"","publisher":{"@id":"https:\/\/shop.northitgroup.eu\/#organization"},"potentialAction":[{"@type":"SearchAction","target":{"@type":"EntryPoint","urlTemplate":"https:\/\/shop.northitgroup.eu\/?s={search_term_string}"},"query-input":{"@type":"PropertyValueSpecification","valueRequired":true,"valueName":"search_term_string"}}],"inLanguage":"en-GB"},{"@type":"Organization","@id":"https:\/\/shop.northitgroup.eu\/#organization","name":"North IT Group Shop","url":"https:\/\/shop.northitgroup.eu\/","logo":{"@type":"ImageObject","inLanguage":"en-GB","@id":"https:\/\/shop.northitgroup.eu\/#\/schema\/logo\/image\/","url":"https:\/\/shop.northitgroup.eu\/wp-content\/uploads\/2022\/03\/logo.svg","contentUrl":"https:\/\/shop.northitgroup.eu\/wp-content\/uploads\/2022\/03\/logo.svg","caption":"North IT Group Shop"},"image":{"@id":"https:\/\/shop.northitgroup.eu\/#\/schema\/logo\/image\/"}}]}},"_links":{"self":[{"href":"https:\/\/shop.northitgroup.eu\/en\/wp-json\/wp\/v2\/pages\/70"}],"collection":[{"href":"https:\/\/shop.northitgroup.eu\/en\/wp-json\/wp\/v2\/pages"}],"about":[{"href":"https:\/\/shop.northitgroup.eu\/en\/wp-json\/wp\/v2\/types\/page"}],"author":[{"embeddable":true,"href":"https:\/\/shop.northitgroup.eu\/en\/wp-json\/wp\/v2\/users\/1"}],"replies":[{"embeddable":true,"href":"https:\/\/shop.northitgroup.eu\/en\/wp-json\/wp\/v2\/comments?post=70"}],"version-history":[{"count":1,"href":"https:\/\/shop.northitgroup.eu\/en\/wp-json\/wp\/v2\/pages\/70\/revisions"}],"predecessor-version":[{"id":755,"href":"https:\/\/shop.northitgroup.eu\/en\/wp-json\/wp\/v2\/pages\/70\/revisions\/755"}],"wp:attachment":[{"href":"https:\/\/shop.northitgroup.eu\/en\/wp-json\/wp\/v2\/media?parent=70"}],"curies":[{"name":"wp","href":"https:\/\/api.w.org\/{rel}","templated":true}]}}