{"id":38,"date":"2022-02-15T13:35:41","date_gmt":"2022-02-15T10:35:41","guid":{"rendered":"https:\/\/shop.northitgroup.eu\/?page_id=38"},"modified":"2022-02-15T14:10:21","modified_gmt":"2022-02-15T11:10:21","slug":"impressum","status":"publish","type":"page","link":"https:\/\/shop.northitgroup.eu\/en\/impressum\/","title":{"rendered":"Impressum"},"content":{"rendered":"<p><strong>Impressum North IT Group GmbH<\/strong><\/p>\n\n\n\n<p><strong>1. Impressum &#8211; Angaben gem\u00e4\u00df \u00a7 5 TMG:<\/strong><\/p>\n\n\n\n<p>North IT Group GmbH<\/p>\n\n\n\n<p>Harzstra\u00dfe 4<\/p>\n\n\n\n<p>06536 S\u00fcdharz<\/p>\n\n\n\n<p><strong>2. Vertreten durch:<\/strong><\/p>\n\n\n\n<p>North IT Group GmbH<\/p>\n\n\n\n<p>Gesch\u00e4ftsf\u00fchrer:<\/p>\n\n\n\n<p>Stephan Hoffmann<\/p>\n\n\n\n<p><strong>3. Kontakt:<\/strong><\/p>\n\n\n\n<p>Telefon: +49(156)78573735<\/p>\n\n\n\n<p>E-Mail: office@northitgroup.com<\/p>\n\n\n\n<p><strong>4. Registereintrag:<\/strong><\/p>\n\n\n\n<p>Eintragung im Handelsregister.<\/p>\n\n\n\n<p>Registergericht: Handelsregister Stendal<\/p>\n\n\n\n<p>Registernummer: HRB 27748<\/p>\n\n\n\n<p>Steuernummer: 118\/105\/07472<\/p>\n\n\n\n<p>Ust-ID-Nr.: DE 327507936<\/p>\n\n\n\n<p><strong>5. Umsatzsteuer:<\/strong><\/p>\n\n\n\n<p>Umsatzsteuer-Identifikationsnummer gem\u00e4\u00df \u00a727 a Umsatzsteuergesetz:<\/p>\n\n\n\n<p><em>Ust-ID-Nr.: DE 327507936&nbsp;<\/em><\/p>\n\n\n\n<p><strong>6. Streitschlichtung<\/strong><\/p>\n\n\n\n<p>Die Europ\u00e4ische Kommission stellt eine Plattform zur Online-Streitbeilegung (OS) bereit:&nbsp;<a href=\"https:\/\/northitgroup.com\/de\/%5C%22https%3A\/\/ec.europa.eu\/consumers\/odr%5C%22\">https:\/\/ec.europa.eu\/consumers\/odr<\/a>.<\/p>\n\n\n\n<p>Unsere E-Mail-Adresse finden Sie oben im Impressum.<\/p>\n\n\n\n<p>Wir sind nicht bereit oder verpflichtet, an Streitbeilegungsverfahren vor einer Verbraucherschlichtungsstelle teilzunehmen.<\/p>\n\n\n\n<p><strong>7. Haftung f\u00fcr Inhalte<\/strong><\/p>\n\n\n\n<p>Als Diensteanbieter sind wir gem\u00e4\u00df \u00a7 7 Abs.1 TMG f\u00fcr eigene Inhalte auf diesen Seiten nach den allgemeinen Gesetzen verantwortlich. Nach \u00a7\u00a7 8 bis 10 TMG sind wir als Diensteanbieter jedoch nicht verpflichtet, \u00fcbermittelte oder gespeicherte fremde Informationen zu \u00fcberwachen oder nach Umst\u00e4nden zu forschen, die auf eine rechtswidrige T\u00e4tigkeit hinweisen.<\/p>\n\n\n\n<p>Verpflichtungen zur Entfernung oder Sperrung der Nutzung von Informationen nach den allgemeinen Gesetzen bleiben hiervon unber\u00fchrt. Eine diesbez\u00fcgliche Haftung ist jedoch erst ab dem Zeitpunkt der Kenntnis einer konkreten Rechtsverletzung m\u00f6glich. Bei Bekanntwerden von entsprechenden Rechtsverletzungen werden wir diese Inhalte umgehend entfernen.<\/p>\n\n\n\n<p><strong>8. Haftung f\u00fcr Links<\/strong><\/p>\n\n\n\n<p>Unser Angebot enth\u00e4lt Links zu externen Websites Dritter, auf deren Inhalte wir keinen Einfluss haben. Deshalb k\u00f6nnen wir f\u00fcr diese fremden Inhalte auch keine Gew\u00e4hr \u00fcbernehmen. F\u00fcr die Inhalte der verlinkten Seiten ist stets der jeweilige Anbieter oder Betreiber der Seiten verantwortlich. Die verlinkten Seiten wurden zum Zeitpunkt der Verlinkung auf m\u00f6gliche Rechtsverst\u00f6\u00dfe \u00fcberpr\u00fcft. Rechtswidrige Inhalte waren zum Zeitpunkt der Verlinkung nicht erkennbar.<\/p>\n\n\n\n<p>Eine permanente inhaltliche Kontrolle der verlinkten Seiten ist jedoch ohne konkrete Anhaltspunkte einer Rechtsverletzung nicht zumutbar. Bei Bekanntwerden von Rechtsverletzungen werden wir derartige Links umgehend entfernen.<\/p>\n\n\n\n<p><strong>9. Urheberrecht<\/strong><\/p>\n\n\n\n<p>Die durch die Seitenbetreiber erstellten Inhalte und Werke auf diesen Seiten unterliegen dem deutschen Urheberrecht. Die Vervielf\u00e4ltigung, Bearbeitung, Verbreitung und jede Art der Verwertung au\u00dferhalb der Grenzen des Urheberrechtes bed\u00fcrfen der schriftlichen Zustimmung des jeweiligen Autors bzw. Erstellers. Downloads und Kopien dieser Seite sind nur f\u00fcr den privaten, nicht kommerziellen Gebrauch gestattet.<\/p>\n\n\n\n<p>Soweit die Inhalte auf dieser Seite nicht vom Betreiber erstellt wurden, werden die Urheberrechte Dritter beachtet. Insbesondere werden Inhalte Dritter als solche gekennzeichnet. Sollten Sie trotzdem auf eine Urheberrechtsverletzung aufmerksam werden, bitten wir um einen entsprechenden Hinweis. Bei Bekanntwerden von Rechtsverletzungen werden wir derartige Inhalte umgehend entfernen.<\/p>","protected":false},"excerpt":{"rendered":"<p>Impressum North IT Group GmbH 1. Impressum &#8211; Angaben gem\u00e4\u00df \u00a7 5 TMG: North IT Group GmbH Harzstra\u00dfe 4 06536 S\u00fcdharz 2. Vertreten durch: North IT Group GmbH Gesch\u00e4ftsf\u00fchrer: Stephan Hoffmann 3. Kontakt: Telefon: +49(156)78573735 E-Mail: office@northitgroup.com 4. Registereintrag: Eintragung im Handelsregister. Registergericht: Handelsregister Stendal Registernummer: HRB 27748 Steuernummer: 118\/105\/07472 Ust-ID-Nr.: DE 327507936 5. Umsatzsteuer: [&hellip;]<\/p>","protected":false},"author":1,"featured_media":0,"parent":0,"menu_order":0,"comment_status":"closed","ping_status":"closed","template":"","meta":{"footnotes":""},"acf":[],"yoast_head":"<!-- This site is optimized with the Yoast SEO plugin v23.5 - https:\/\/yoast.com\/wordpress\/plugins\/seo\/ -->\n<title>Impressum &#060; North IT Group Shop<\/title>\n<meta name=\"robots\" content=\"noindex, follow, max-snippet:-1, max-image-preview:large, max-video-preview:-1\" \/>\n<meta property=\"og:locale\" content=\"en_GB\" \/>\n<meta property=\"og:type\" content=\"article\" \/>\n<meta property=\"og:title\" content=\"Impressum &#060; North IT Group Shop\" \/>\n<meta property=\"og:description\" content=\"Impressum North IT Group GmbH 1. Impressum &#8211; Angaben gem\u00e4\u00df \u00a7 5 TMG: North IT Group GmbH Harzstra\u00dfe 4 06536 S\u00fcdharz 2. Vertreten durch: North IT Group GmbH Gesch\u00e4ftsf\u00fchrer: Stephan Hoffmann 3. Kontakt: Telefon: +49(156)78573735 E-Mail: office@northitgroup.com 4. Registereintrag: Eintragung im Handelsregister. Registergericht: Handelsregister Stendal Registernummer: HRB 27748 Steuernummer: 118\/105\/07472 Ust-ID-Nr.: DE 327507936 5. Umsatzsteuer: [&hellip;]\" \/>\n<meta property=\"og:url\" content=\"https:\/\/shop.northitgroup.eu\/en\/impressum\/\" \/>\n<meta property=\"og:site_name\" content=\"North IT Group Shop\" \/>\n<meta property=\"article:modified_time\" content=\"2022-02-15T11:10:21+00:00\" \/>\n<meta name=\"twitter:card\" content=\"summary_large_image\" \/>\n<meta name=\"twitter:label1\" content=\"Estimated reading time\" \/>\n\t<meta name=\"twitter:data1\" content=\"2 minutes\" \/>\n<script type=\"application\/ld+json\" class=\"yoast-schema-graph\">{\"@context\":\"https:\/\/schema.org\",\"@graph\":[{\"@type\":\"WebPage\",\"@id\":\"https:\/\/shop.northitgroup.eu\/impressum\/\",\"url\":\"https:\/\/shop.northitgroup.eu\/impressum\/\",\"name\":\"Impressum &#060; North IT Group Shop\",\"isPartOf\":{\"@id\":\"https:\/\/shop.northitgroup.eu\/#website\"},\"datePublished\":\"2022-02-15T10:35:41+00:00\",\"dateModified\":\"2022-02-15T11:10:21+00:00\",\"breadcrumb\":{\"@id\":\"https:\/\/shop.northitgroup.eu\/impressum\/#breadcrumb\"},\"inLanguage\":\"en-GB\",\"potentialAction\":[{\"@type\":\"ReadAction\",\"target\":[\"https:\/\/shop.northitgroup.eu\/impressum\/\"]}]},{\"@type\":\"BreadcrumbList\",\"@id\":\"https:\/\/shop.northitgroup.eu\/impressum\/#breadcrumb\",\"itemListElement\":[{\"@type\":\"ListItem\",\"position\":1,\"name\":\"Startseite\",\"item\":\"https:\/\/shop.northitgroup.eu\/\"},{\"@type\":\"ListItem\",\"position\":2,\"name\":\"Impressum\"}]},{\"@type\":\"WebSite\",\"@id\":\"https:\/\/shop.northitgroup.eu\/#website\",\"url\":\"https:\/\/shop.northitgroup.eu\/\",\"name\":\"North IT Group Shop\",\"description\":\"\",\"publisher\":{\"@id\":\"https:\/\/shop.northitgroup.eu\/#organization\"},\"potentialAction\":[{\"@type\":\"SearchAction\",\"target\":{\"@type\":\"EntryPoint\",\"urlTemplate\":\"https:\/\/shop.northitgroup.eu\/?s={search_term_string}\"},\"query-input\":{\"@type\":\"PropertyValueSpecification\",\"valueRequired\":true,\"valueName\":\"search_term_string\"}}],\"inLanguage\":\"en-GB\"},{\"@type\":\"Organization\",\"@id\":\"https:\/\/shop.northitgroup.eu\/#organization\",\"name\":\"North IT Group Shop\",\"url\":\"https:\/\/shop.northitgroup.eu\/\",\"logo\":{\"@type\":\"ImageObject\",\"inLanguage\":\"en-GB\",\"@id\":\"https:\/\/shop.northitgroup.eu\/#\/schema\/logo\/image\/\",\"url\":\"https:\/\/shop.northitgroup.eu\/wp-content\/uploads\/2022\/03\/logo.svg\",\"contentUrl\":\"https:\/\/shop.northitgroup.eu\/wp-content\/uploads\/2022\/03\/logo.svg\",\"caption\":\"North IT Group Shop\"},\"image\":{\"@id\":\"https:\/\/shop.northitgroup.eu\/#\/schema\/logo\/image\/\"}}]}<\/script>\n<!-- \/ Yoast SEO plugin. -->","yoast_head_json":{"title":"Impressum &#060; North IT Group Shop","robots":{"index":"noindex","follow":"follow","max-snippet":"max-snippet:-1","max-image-preview":"max-image-preview:large","max-video-preview":"max-video-preview:-1"},"og_locale":"en_GB","og_type":"article","og_title":"Impressum &#060; North IT Group Shop","og_description":"Impressum North IT Group GmbH 1. Impressum &#8211; Angaben gem\u00e4\u00df \u00a7 5 TMG: North IT Group GmbH Harzstra\u00dfe 4 06536 S\u00fcdharz 2. Vertreten durch: North IT Group GmbH Gesch\u00e4ftsf\u00fchrer: Stephan Hoffmann 3. Kontakt: Telefon: +49(156)78573735 E-Mail: office@northitgroup.com 4. Registereintrag: Eintragung im Handelsregister. Registergericht: Handelsregister Stendal Registernummer: HRB 27748 Steuernummer: 118\/105\/07472 Ust-ID-Nr.: DE 327507936 5. Umsatzsteuer: [&hellip;]","og_url":"https:\/\/shop.northitgroup.eu\/en\/impressum\/","og_site_name":"North IT Group Shop","article_modified_time":"2022-02-15T11:10:21+00:00","twitter_card":"summary_large_image","twitter_misc":{"Estimated reading time":"2 minutes"},"schema":{"@context":"https:\/\/schema.org","@graph":[{"@type":"WebPage","@id":"https:\/\/shop.northitgroup.eu\/impressum\/","url":"https:\/\/shop.northitgroup.eu\/impressum\/","name":"Impressum &#060; North IT Group Shop","isPartOf":{"@id":"https:\/\/shop.northitgroup.eu\/#website"},"datePublished":"2022-02-15T10:35:41+00:00","dateModified":"2022-02-15T11:10:21+00:00","breadcrumb":{"@id":"https:\/\/shop.northitgroup.eu\/impressum\/#breadcrumb"},"inLanguage":"en-GB","potentialAction":[{"@type":"ReadAction","target":["https:\/\/shop.northitgroup.eu\/impressum\/"]}]},{"@type":"BreadcrumbList","@id":"https:\/\/shop.northitgroup.eu\/impressum\/#breadcrumb","itemListElement":[{"@type":"ListItem","position":1,"name":"Startseite","item":"https:\/\/shop.northitgroup.eu\/"},{"@type":"ListItem","position":2,"name":"Impressum"}]},{"@type":"WebSite","@id":"https:\/\/shop.northitgroup.eu\/#website","url":"https:\/\/shop.northitgroup.eu\/","name":"North IT Group Shop","description":"","publisher":{"@id":"https:\/\/shop.northitgroup.eu\/#organization"},"potentialAction":[{"@type":"SearchAction","target":{"@type":"EntryPoint","urlTemplate":"https:\/\/shop.northitgroup.eu\/?s={search_term_string}"},"query-input":{"@type":"PropertyValueSpecification","valueRequired":true,"valueName":"search_term_string"}}],"inLanguage":"en-GB"},{"@type":"Organization","@id":"https:\/\/shop.northitgroup.eu\/#organization","name":"North IT Group Shop","url":"https:\/\/shop.northitgroup.eu\/","logo":{"@type":"ImageObject","inLanguage":"en-GB","@id":"https:\/\/shop.northitgroup.eu\/#\/schema\/logo\/image\/","url":"https:\/\/shop.northitgroup.eu\/wp-content\/uploads\/2022\/03\/logo.svg","contentUrl":"https:\/\/shop.northitgroup.eu\/wp-content\/uploads\/2022\/03\/logo.svg","caption":"North IT Group Shop"},"image":{"@id":"https:\/\/shop.northitgroup.eu\/#\/schema\/logo\/image\/"}}]}},"_links":{"self":[{"href":"https:\/\/shop.northitgroup.eu\/en\/wp-json\/wp\/v2\/pages\/38"}],"collection":[{"href":"https:\/\/shop.northitgroup.eu\/en\/wp-json\/wp\/v2\/pages"}],"about":[{"href":"https:\/\/shop.northitgroup.eu\/en\/wp-json\/wp\/v2\/types\/page"}],"author":[{"embeddable":true,"href":"https:\/\/shop.northitgroup.eu\/en\/wp-json\/wp\/v2\/users\/1"}],"replies":[{"embeddable":true,"href":"https:\/\/shop.northitgroup.eu\/en\/wp-json\/wp\/v2\/comments?post=38"}],"version-history":[{"count":0,"href":"https:\/\/shop.northitgroup.eu\/en\/wp-json\/wp\/v2\/pages\/38\/revisions"}],"wp:attachment":[{"href":"https:\/\/shop.northitgroup.eu\/en\/wp-json\/wp\/v2\/media?parent=38"}],"curies":[{"name":"wp","href":"https:\/\/api.w.org\/{rel}","templated":true}]}}